{"id":80,"date":"2018-05-24T22:51:30","date_gmt":"2018-05-24T20:51:30","guid":{"rendered":"https:\/\/www.hotelzumbrunnen.de\/en\/?page_id=80"},"modified":"2022-10-20T20:44:35","modified_gmt":"2022-10-20T18:44:35","slug":"data-protection","status":"publish","type":"page","link":"https:\/\/www.hotelzumbrunnen.de\/en\/data-protection\/","title":{"rendered":"Data Protection"},"content":{"rendered":"\t\t<div data-elementor-type=\"wp-page\" data-elementor-id=\"80\" class=\"elementor elementor-80 elementor-bc-flex-widget\" data-elementor-post-type=\"page\">\n\t\t\t\t\t\t<section class=\"elementor-section elementor-top-section elementor-element elementor-element-b5cd693 elementor-section-boxed elementor-section-height-default elementor-section-height-default\" data-id=\"b5cd693\" data-element_type=\"section\">\n\t\t\t\t\t\t<div class=\"elementor-container elementor-column-gap-default\">\n\t\t\t\t\t<div class=\"elementor-column elementor-col-100 elementor-top-column elementor-element elementor-element-03f985e\" data-id=\"03f985e\" data-element_type=\"column\">\n\t\t\t<div class=\"elementor-widget-wrap elementor-element-populated\">\n\t\t\t\t\t\t<div class=\"elementor-element elementor-element-cdfc266 elementor-widget elementor-widget-shortcode\" data-id=\"cdfc266\" data-element_type=\"widget\" data-widget_type=\"shortcode.default\">\n\t\t\t\t<div class=\"elementor-widget-container\">\n\t\t\t\t\t<div class=\"elementor-shortcode\">[rev_slider alias=\"classicslider1\"]<\/div>\n\t\t\t\t<\/div>\n\t\t\t\t<\/div>\n\t\t\t\t\t<\/div>\n\t\t<\/div>\n\t\t\t\t\t<\/div>\n\t\t<\/section>\n\t\t\t\t<section class=\"elementor-section elementor-top-section elementor-element elementor-element-8996b43 elementor-section-boxed elementor-section-height-default elementor-section-height-default\" data-id=\"8996b43\" data-element_type=\"section\">\n\t\t\t\t\t\t<div class=\"elementor-container elementor-column-gap-default\">\n\t\t\t\t\t<div class=\"elementor-column elementor-col-100 elementor-top-column elementor-element elementor-element-1ff3843\" data-id=\"1ff3843\" data-element_type=\"column\">\n\t\t\t<div class=\"elementor-widget-wrap elementor-element-populated\">\n\t\t\t\t\t\t<div class=\"elementor-element elementor-element-b8d2069 elementor-widget elementor-widget-spacer\" data-id=\"b8d2069\" data-element_type=\"widget\" data-widget_type=\"spacer.default\">\n\t\t\t\t<div class=\"elementor-widget-container\">\n\t\t\t\t\t<div class=\"elementor-spacer\">\n\t\t\t<div class=\"elementor-spacer-inner\"><\/div>\n\t\t<\/div>\n\t\t\t\t<\/div>\n\t\t\t\t<\/div>\n\t\t\t\t\t<\/div>\n\t\t<\/div>\n\t\t\t\t\t<\/div>\n\t\t<\/section>\n\t\t\t\t<section class=\"elementor-section elementor-top-section elementor-element elementor-element-87be634 elementor-section-boxed elementor-section-height-default elementor-section-height-default\" data-id=\"87be634\" data-element_type=\"section\">\n\t\t\t\t\t\t<div class=\"elementor-container elementor-column-gap-default\">\n\t\t\t\t\t<div class=\"elementor-column elementor-col-100 elementor-top-column elementor-element elementor-element-fc84da2\" data-id=\"fc84da2\" data-element_type=\"column\">\n\t\t\t<div class=\"elementor-widget-wrap elementor-element-populated\">\n\t\t\t\t\t\t<div class=\"elementor-element elementor-element-e2fa554 elementor-widget elementor-widget-text-editor\" data-id=\"e2fa554\" data-element_type=\"widget\" data-widget_type=\"text-editor.default\">\n\t\t\t\t<div class=\"elementor-widget-container\">\n\t\t\t\t\t\t\t<h1>Datenschutz:<\/h1><p>Als Anbieter von www.hotelzumbrunnen.de sind wir verpflichtet, Sie dar\u00fcber zu informieren welche personenbezogenen Daten wir von Ihnen erheben, speichern, nutzen und auf welcher Grundlage dies geschieht sowie welche Rechte Sie diesbez\u00fcglich uns gegen\u00fcber haben.<br \/>Wir vom Hotel zum Brunnen nehmen den Schutz Ihrer pers\u00f6nlichen Daten sehr ernst. Wir behandeln Ihre personenbezogenen Daten vertraulich und entsprechend der gesetzlichen Datenschutzvorschriften sowie dieser Datenschutzerkl\u00e4rung.<\/p><p><strong>Anbieter<\/strong><br \/>Anbieter dieser Internetpr\u00e4senz ist das Hotel zum Brunnen, Inhaber: Christopher Seidl.<\/p><p><strong>Adresse:<\/strong><br \/>Hotel zum Brunnen<br \/>Bauernbr\u00e4ustr. 4<br \/>86316 Friedberg<br \/>Tel.: 0821 600 920<br \/>Fax: 0821 600 9229<br \/>Email: info@hotelzumbrunnen.de<br \/>Internet: www.hotelzumbrunnen.de<\/p><p><strong>Ihnen stehen folgende Rechte gem\u00e4\u00df Datenschutzgrundverordnung (DSGVO) zu:Recht auf Auskunft:<\/strong><br \/>Sie k\u00f6nnen gem\u00e4\u00df Artikel 15 DSGVO eine Best\u00e4tigung dar\u00fcber verlangen, ob Sie betreffende Daten verarbeitet werden. Ist dies der Fall, so haben Sie ein Recht auf Auskunft \u00fcber die verarbeiteten Informationen.<br \/>Recht auf Widerruf der Einwilligung:<br \/>Sofern die Verarbeitung Ihrer personenbezogenen Daten aufgrund einer Einwilligung erfolgt, haben Sie gem\u00e4\u00df Artikel 7 DSGVO das Recht, diese Einwilligung jederzeit zu widerrufen.<br \/>Recht auf Widerspruch:<br \/>Sofern die Verarbeitung Ihrer personenbezogenen Daten zur Wahrung der berechtigten Interessen unseres Unternehmens erforderlich ist, k\u00f6nnen Sie gem\u00e4\u00df Artikel 21 DSGVO jederzeit Widerspruch gegen die Verarbeitung einlegen.<br \/>Recht auf L\u00f6schung:<br \/>Sofern Sie Ihre Einwilligung widerrufen haben, Widerspruch gegen die Verarbeitung Ihrer personenbezogenen Daten eingelegt haben (und keine vorrangigen berechtigten Gr\u00fcnde f\u00fcr die Verarbeitung vorliegen), Ihre personenbezogenen Daten f\u00fcr die Zwecke der Verarbeitung nicht mehr notwendig sind, eine entsprechende rechtliche Verpflichtung besteht oder Ihre personenbezogenen Daten unrechtm\u00e4\u00dfig verarbeitet wurden, haben Sie das Recht, gem\u00e4\u00df Artikel 17 DSGVO die L\u00f6schung Ihrer personenbezogenen Daten zu verlangen.<br \/>Recht auf Berichtigung:<br \/>Sofern Ihre personenbezogenen Daten unrichtig verarbeitet wurden, haben Sie gem\u00e4\u00df Artikel 16 DSGVO das Recht, unverz\u00fcglich die Berichtigung dieser Daten zu verlangen.<br \/>Recht auf Einschr\u00e4nkung der Verarbeitung:<br \/>Unter den Voraussetzungen des Artikels 18 DSGVO haben Sie das Recht, die Einschr\u00e4nkung der Verarbeitung Ihrer personenbezogenen Daten zu verlangen.<br \/>Recht auf Daten\u00fcbertragbarkeit:<br \/>Ihnen steht gem\u00e4\u00df Artikel 20 DSGVO das Recht zu, von Ihnen bereitgestellte personenbezogene Daten in einem strukturierten, g\u00e4ngigen und maschinenlesbaren Format zu erhalten.<\/p><p><strong>Beschwerderecht:<\/strong><\/p><p>Ihnen steht gem\u00e4\u00df Artikel 13 DSGVO ein Beschwerderecht bei der zust\u00e4ndigen Aufsichtsbeh\u00f6rde zu.<br \/>Um Ihre Rechte geltend zu machen, k\u00f6nnen Sie uns unter folgender E-Mail Adresse kontaktieren: info@hotelzumbrunnen.de.<br \/>Dauer der Speicherung der personenbezogenen Daten, bzw. die Kriterien f\u00fcr die Festlegung der Dauer:<br \/>Personenbezogene Daten, die im Rahmen einer allgemeinen Kontaktanfrage per E-Mail oder Kontaktformular von uns verarbeitet werden, speichern wir nur so lange, wie dies f\u00fcr die jeweilige Korrespondenz notwendig ist.<br \/>Personenbezogene Daten, die im Zusammenhang mit einer Reservierung von uns abgefragt werden, werden nur so lange gespeichert, wie dies f\u00fcr die Vertragsabwicklung und eventuelle nachtr\u00e4gliche vertragsbezogene Korrespondenz n\u00f6tig ist bzw. im Falle handels- und\/oder steuerrechtlich relevanter Dokumente, die personenbezogene Daten enthalten, so lange, wie die gesetzlichen Fristen des Handelsgesetzbuches und der Abgabenordnung eine Aufbewahrung dieser Dokumente vorsehen.<br \/>Zweck sowie Art und Umfang der Verarbeitung der personenbezogenen Daten:<br \/>Bei allgemeinen Anfragen, die per E-Mail oder Kontaktformular an uns gerichtet werden, werden die entsprechenden personenbezogenen Daten nur zum Zwecke der jeweiligen Korrespondenz gespeichert. Eine dar\u00fcber hinausgehende Verarbeitung findet nicht statt.<br \/>Personenbezogene Daten, die im Zusammenhang mit einer Reservierung von uns abgefragt werden, werden zum Zwecke der Vertragsabwicklung verarbeitet.<br \/>Rechtsgrundlage f\u00fcr die Verarbeitung von personenbezogenen Daten im Zusammenhang mit allgemeinen Anfragen per E-Mail oder Kontaktformular: Personenbezogene Daten, die im Zusammenhang mit einer allgemeinen Anfrage per E-Mail oder Kontaktformular verarbeitet werden, werden aufgrund einer Einwilligung verarbeitet, Artikel 6 DSGVO.<br \/>Rechtsgrundlage f\u00fcr die Verarbeitung von personenbezogenen Daten im Zusammenhang mit einer Reservierung:<br \/>Personenbezogene Daten, die im Zusammenhang mit einer Reservierung verarbeitet werden, sind zur Erf\u00fcllung des entsprechenden Vertrags erforderlich, Artikel 6 DSGVO.<\/p><p><strong>Online Buchung:<\/strong><\/p><p>Um Ihnen eine Zimmerbuchung \u00fcber unsere Homepage zu erm\u00f6glichen, ist in unserer Webseite ein Online Buchungssystem, die caesar data software, integriert. Anbieter dieses Systems ist die caesar data &amp; software GmbH. Die von Ihnen get\u00e4tigten Angaben werden ausschlie\u00dflich zur Erbringung unserer vertraglichen Leistungen verarbeitet und selbstverst\u00e4ndlich vertraulich behandelt. Die Datenschutzbedingungen der caesar data &amp; software GmbH finden Sie unter: https:\/\/www.caesar-data.de\/datenschutz\/<br \/>Eingebettete Inhalte Dritter (z.B. Google Maps, Videos etc.): Es kann vorkommen, dass auf unserem Internetauftritt Inhalte Dritter, wie zum Beispiel Videos von YouTube, Kartenmaterial von Google-Maps oder RSS-Feeds eingebunden werden. Dies setzt immer voraus, dass die Anbieter dieser Inhalte die IP-Adresse der Nutzer wahrnehmen. Dem entsprechend haben wir an dieser Stelle auch keinen Einfluss darauf, inwieweit Ihre personenbezogenen Daten wie etwa die IP-Adresse von den entsprechenden Anbietern genutzt und wohin diese \u00fcbertragen werden. N\u00e4here Informationen hierzu erhalten Sie in den Informationen zum Datenschutz dieser Anbieter.<br \/>Link zu Social Networks: An verschiedenen Stellen auf unserer Webseite haben Sie die M\u00f6glichkeit, Inhalte \u00fcber Social Networks zu teilen oder durch einen Klick auf einen Link das Profil vom Hotel zum Brunnen in den sozialen Netzwerken aufzurufen oder Seiteninhalte zu teilen. Die Buttons und Links zum Teilen von Inhalten und zum Folgen unseres Social Media Profils werden zun\u00e4chst angezeigt, ohne dass bereits Ihre Daten an die Anbieter der genannten Netzwerke \u00fcbertragen werden. Wenn Sie allerdings auf diese Buttons klicken, verlassen Sie www.hotelzumbrunnen.de und sind damit den Datenerhebungen und Verarbeitungen der entsprechenden Anbieter ausgesetzt. N\u00e4heres hierzu finden Sie in den Datenschutzerkl\u00e4rungen dieser Anbieter.<\/p><p><strong>Google Analytics:<\/strong><br \/>Diese Website benutzt Google Analytics, einen Webanalysedienst der Google Inc. (\u201eGoogle\u201c). Google Analytics verwendet sog. \u201eCookies\u201c, Textdateien, die auf Ihrem Computer gespeichert werden und die eine Analyse der Benutzung der Website durch Sie erm\u00f6glichen. Die durch das Cookie erzeugten Informationen \u00fcber Ihre Benutzung dieser Website werden in der Regel an einen Server von Google in den USA \u00fcbertragen und dort gespeichert. Im Falle der Aktivierung der IP-Anonymisierung auf dieser Website, wird Ihre IP-Adresse von Google jedoch innerhalb von Mitgliedstaaten der Europ\u00e4ischen Union oder in anderen Vertragsstaaten des Abkommens \u00fcber den Europ\u00e4ischen Wirtschaftsraum zuvor gek\u00fcrzt. Nur in Ausnahmef\u00e4llen wird die volle IP-Adresse an einen Server von Google in den USA \u00fcbertragen und dort gek\u00fcrzt. Im Auftrag des Betreibers dieser Website wird Google diese Informationen benutzen, um Ihre Nutzung der Website auszuwerten, um Reports \u00fcber die Websiteaktivit\u00e4ten zusammenzustellen und um weitere mit der Websitenutzung und der Internetnutzung verbundene Dienstleistungen gegen\u00fcber dem Websitebetreiber zu erbringen. Die im Rahmen von Google Analytics von Ihrem Browser \u00fcbermittelte IP-Adresse wird nicht mit anderen Daten von Google zusammengef\u00fchrt. Sie k\u00f6nnen die Speicherung der Cookies durch eine entsprechende Einstellung Ihrer Browser-Software verhindern; wir weisen Sie jedoch darauf hin, dass Sie in diesem Fall gegebenenfalls nicht s\u00e4mtliche Funktionen dieser Website vollumf\u00e4nglich werden nutzen k\u00f6nnen. Sie k\u00f6nnen dar\u00fcber hinaus die Erfassung der durch das Cookie erzeugten und auf Ihre Nutzung der Website bezogenen Daten (inkl. Ihrer IP-Adresse) an Google sowie die Verarbeitung dieser Daten durch Google verhindern, indem Sie das unter dem folgenden Link (http:\/\/tools.google.com\/dlpage\/gaoptout?hl=de) verf\u00fcgbare Browser-Plugin herunterladen und installieren.<\/p><p><strong>Mobile Ger\u00e4te:<\/strong><br \/>Sie k\u00f6nnen die Erfassung durch Google Analytics verhindern, indem Sie auf folgenden Link klicken. Es wird ein Opt-Out-Cookie gesetzt, das die zuk\u00fcnftige Erfassung Ihrer Daten beim Besuch dieser Website verhindert: Google Analytics deaktivieren<br \/>N\u00e4here Informationen zu Nutzungsbedingungen und Datenschutz finden Sie unter:<br \/><a href=\"http:\/\/www.google.com\/analytics\/terms\/de.html oder https:\/\/www.google.com\/analytics\/learn\/privacy.html?hl=de\">http:\/\/www.google.com\/analytics\/terms\/de.html oder https:\/\/www.google.com\/analytics\/learn\/privacy.html?hl=de<\/a> bzw. unter <a href=\"https:\/\/www.google.de\/intl\/de\/policies\/\">https:\/\/www.google.de\/intl\/de\/policies\/<\/a>.<\/p><p>\u00a0<\/p><p><a href=\"https:\/\/www.hotelzumbrunnen.de\/Datenschutzerkl\u00e4rung_Hotel_zum_Brunnen.pdf\">Datenschutz als PDF<\/a><\/p>\t\t\t\t\t\t<\/div>\n\t\t\t\t<\/div>\n\t\t\t\t\t<\/div>\n\t\t<\/div>\n\t\t\t\t\t<\/div>\n\t\t<\/section>\n\t\t\t\t<section class=\"elementor-section elementor-top-section elementor-element elementor-element-346d812 elementor-section-boxed elementor-section-height-default elementor-section-height-default\" data-id=\"346d812\" data-element_type=\"section\">\n\t\t\t\t\t\t<div class=\"elementor-container elementor-column-gap-default\">\n\t\t\t\t\t<div class=\"elementor-column elementor-col-100 elementor-top-column elementor-element elementor-element-a1d815d\" data-id=\"a1d815d\" data-element_type=\"column\">\n\t\t\t<div class=\"elementor-widget-wrap elementor-element-populated\">\n\t\t\t\t\t\t<div class=\"elementor-element elementor-element-f3d0e9f elementor-widget elementor-widget-spacer\" data-id=\"f3d0e9f\" data-element_type=\"widget\" data-widget_type=\"spacer.default\">\n\t\t\t\t<div class=\"elementor-widget-container\">\n\t\t\t\t\t<div class=\"elementor-spacer\">\n\t\t\t<div class=\"elementor-spacer-inner\"><\/div>\n\t\t<\/div>\n\t\t\t\t<\/div>\n\t\t\t\t<\/div>\n\t\t\t\t\t<\/div>\n\t\t<\/div>\n\t\t\t\t\t<\/div>\n\t\t<\/section>\n\t\t\t\t<\/div>\n\t\t","protected":false},"excerpt":{"rendered":"<p>[rev_slider alias=&#8220;classicslider1&#8243;] Datenschutz: Als Anbieter von www.hotelzumbrunnen.de sind wir verpflichtet, Sie dar\u00fcber zu informieren welche personenbezogenen Daten wir von Ihnen erheben, speichern, nutzen und auf welcher Grundlage dies geschieht sowie welche Rechte Sie diesbez\u00fcglich uns gegen\u00fcber haben.Wir vom Hotel zum Brunnen nehmen den Schutz Ihrer pers\u00f6nlichen Daten sehr ernst. Wir behandeln Ihre personenbezogenen Daten vertraulich [&hellip;]<\/p>\n","protected":false},"author":1,"featured_media":0,"parent":0,"menu_order":5,"comment_status":"closed","ping_status":"closed","template":"elementor_header_footer","meta":{"footnotes":""},"_links":{"self":[{"href":"https:\/\/www.hotelzumbrunnen.de\/en\/wp-json\/wp\/v2\/pages\/80"}],"collection":[{"href":"https:\/\/www.hotelzumbrunnen.de\/en\/wp-json\/wp\/v2\/pages"}],"about":[{"href":"https:\/\/www.hotelzumbrunnen.de\/en\/wp-json\/wp\/v2\/types\/page"}],"author":[{"embeddable":true,"href":"https:\/\/www.hotelzumbrunnen.de\/en\/wp-json\/wp\/v2\/users\/1"}],"replies":[{"embeddable":true,"href":"https:\/\/www.hotelzumbrunnen.de\/en\/wp-json\/wp\/v2\/comments?post=80"}],"version-history":[{"count":3,"href":"https:\/\/www.hotelzumbrunnen.de\/en\/wp-json\/wp\/v2\/pages\/80\/revisions"}],"predecessor-version":[{"id":161,"href":"https:\/\/www.hotelzumbrunnen.de\/en\/wp-json\/wp\/v2\/pages\/80\/revisions\/161"}],"wp:attachment":[{"href":"https:\/\/www.hotelzumbrunnen.de\/en\/wp-json\/wp\/v2\/media?parent=80"}],"curies":[{"name":"wp","href":"https:\/\/api.w.org\/{rel}","templated":true}]}}